{"id":54,"date":"2021-03-25T08:06:45","date_gmt":"2021-03-25T08:06:45","guid":{"rendered":"https:\/\/curacap.ch\/?post_type=product&#038;p=54"},"modified":"2024-01-04T18:48:52","modified_gmt":"2024-01-04T18:48:52","slug":"curacap-men","status":"publish","type":"product","link":"https:\/\/curacap.ch\/?product=curacap-men","title":{"rendered":"CuraCap Men &#8211; Haartonikum"},"content":{"rendered":"<p>[et_pb_section fb_built=&#8220;1&#8243; _builder_version=&#8220;3.22&#8243; custom_padding=&#8220;0px||||false|false&#8220;][et_pb_row _builder_version=&#8220;3.25&#8243; background_size=&#8220;initial&#8220; background_position=&#8220;top_left&#8220; background_repeat=&#8220;repeat&#8220; width=&#8220;100%&#8220; custom_padding=&#8220;0px||0px||false|false&#8220;][et_pb_column type=&#8220;4_4&#8243; _builder_version=&#8220;3.25&#8243; custom_padding=&#8220;|||&#8220; custom_padding__hover=&#8220;|||&#8220;][et_pb_wc_breadcrumb _builder_version=&#8220;3.0.47&#8243;][\/et_pb_wc_breadcrumb][et_pb_wc_cart_notice _builder_version=&#8220;3.0.47&#8243;][\/et_pb_wc_cart_notice][\/et_pb_column][\/et_pb_row][et_pb_row column_structure=&#8220;1_2,1_2&#8243; _builder_version=&#8220;3.25&#8243; background_size=&#8220;initial&#8220; background_position=&#8220;top_left&#8220; background_repeat=&#8220;repeat&#8220; width=&#8220;100%&#8220; custom_padding=&#8220;0px||||false|false&#8220;][et_pb_column type=&#8220;1_2&#8243; _builder_version=&#8220;3.25&#8243; custom_padding=&#8220;|||&#8220; custom_padding__hover=&#8220;|||&#8220;][et_pb_wc_images _builder_version=&#8220;3.0.47&#8243;][\/et_pb_wc_images][\/et_pb_column][et_pb_column type=&#8220;1_2&#8243; _builder_version=&#8220;3.25&#8243; custom_padding=&#8220;|||&#8220; custom_padding__hover=&#8220;|||&#8220;][et_pb_wc_title _builder_version=&#8220;3.0.47&#8243;][\/et_pb_wc_title][et_pb_wc_rating _builder_version=&#8220;3.0.47&#8243;][\/et_pb_wc_rating][et_pb_wc_price _builder_version=&#8220;3.0.47&#8243;][\/et_pb_wc_price][et_pb_wc_description _builder_version=&#8220;3.0.47&#8243;][\/et_pb_wc_description][et_pb_wc_add_to_cart _builder_version=&#8220;3.0.47&#8243;][\/et_pb_wc_add_to_cart][et_pb_wc_meta show_categories=&#8220;off&#8220; show_tags=&#8220;off&#8220; _builder_version=&#8220;4.5.1&#8243;][\/et_pb_wc_meta][et_pb_blurb title=&#8220;100% Zufriedenheitsgarantie&#8220; use_icon=&#8220;on&#8220; font_icon=&#8220;%%57%%&#8220; icon_placement=&#8220;left&#8220; _builder_version=&#8220;4.5.1&#8243; _module_preset=&#8220;default&#8220;]<\/p>\n<p><span>Testen Sie unser Haarserum v\u00f6llig risikofrei! Im unwahrscheinlichen Fall, dass Sie mit unserem Produkt nicht zufrieden sein sollten, kontaktieren Sie uns einfach und wir erstatten Ihnen den vollen Kaufpreis wieder.<\/span><\/p>\n<p>[\/et_pb_blurb][et_pb_blurb title=&#8220;Sichere Zahlung&#8220; use_icon=&#8220;on&#8220; font_icon=&#8220;%%57%%&#8220; icon_placement=&#8220;left&#8220; _builder_version=&#8220;4.5.1&#8243; _module_preset=&#8220;default&#8220;]<\/p>\n<p><span>Durch SSL Verschl\u00fcsselung<\/span><\/p>\n<p>[\/et_pb_blurb][et_pb_blurb title=&#8220;kostenloser R\u00fcckversand&#8220; use_icon=&#8220;on&#8220; font_icon=&#8220;%%57%%&#8220; icon_placement=&#8220;left&#8220; _builder_version=&#8220;4.5.1&#8243; _module_preset=&#8220;default&#8220;][\/et_pb_blurb][\/et_pb_column][\/et_pb_row][et_pb_row _builder_version=&#8220;3.25&#8243; background_size=&#8220;initial&#8220; background_position=&#8220;top_left&#8220; background_repeat=&#8220;repeat&#8220; width=&#8220;100%&#8220;][et_pb_column type=&#8220;4_4&#8243; _builder_version=&#8220;3.25&#8243; custom_padding=&#8220;|||&#8220; custom_padding__hover=&#8220;|||&#8220;][et_pb_wc_tabs _builder_version=&#8220;3.0.47&#8243;] [\/et_pb_wc_tabs][et_pb_wc_upsells _builder_version=&#8220;3.0.47&#8243;][\/et_pb_wc_upsells][et_pb_wc_related_products _builder_version=&#8220;3.0.47&#8243;][\/et_pb_wc_related_products][\/et_pb_column][\/et_pb_row][\/et_pb_section]<\/p>\n","protected":false},"excerpt":{"rendered":"<p>\u2713 f\u00fcr empfindliche Kopfhaut<br \/>\n\u2713 neue Haarqualit\u00e4t<br \/>\n\u2713 beruhigt juckende Kopfhaut<br \/>\n\u2713 gegen Schuppenflechte<\/p>\n","protected":false},"featured_media":55,"comment_status":"open","ping_status":"closed","template":"","meta":{"_et_pb_use_builder":"on","_et_pb_old_content":"<ul class=\"a-unordered-list a-vertical a-spacing-mini\">\r\n \t<li><span class=\"a-list-item\">\ud83d\udc68\ud83c\udffb\u200d\ud83d\udd2c VOLLES HAAR \u00dcBER NACHT - bringt auch das vielversprechendste Wundermittel nicht - das wissen M\u00e4nner schon lange. Dennoch gibt es zu den Themen Haarausfall M\u00e4nner &amp; Haarwachstum beschleunigen, viele Mythen &amp; leere Versprechen. Nicht bei uns! Durch reinste Inhaltsstoffe &amp; einen hohen Anteil an Biotin &amp; B-Vitaminen stellen wir das nat\u00fcrliche Gleichgewicht Ihres Haarbodens wieder her. Nicht f\u00fcr Wunderwachstum, sondern zur Unterst\u00fctzung des Haarwachstums &amp; gesundes Haar bis ins hohe Alter.<\/span><\/li>\r\n \t<li><span class=\"a-list-item\">\ud83d\udc81\ud83c\udffb\u200d\u2642\ufe0f NEUE HAARQUALIT\u00c4T - Keine leeren Versprechen, daf\u00fcr f\u00fchlbar griffigeres Haar nach k\u00fcrzester Zeit und kompromisslose Transparenz bei Wirkung &amp; Zusammensetzung. Gewinnen Sie im ersten Schritt die Griffigkeit Ihrer Haare wieder zur\u00fcck. Anschlie\u00dfend folgt eine kleine Geduldsprobe auf dem Weg zu vollerem Haar. Von heute auf morgen k\u00f6nnen wir Ihnen keine neue Haarpracht garantieren. Daf\u00fcr aber die bestm\u00f6gliche Zusammensetzung, um diesem Problem entgegenzuwirken.<\/span><\/li>\r\n \t<li><span class=\"a-list-item\">\ud83d\ude0c BERUHIGT JUCKENDE KOPFHAUT - Viele Pflege- und Haarwuchsmittel f\u00fcr M\u00e4nner bringen statt vollem Haar viele unerw\u00fcnschte Nebenwirkungen mit sich. Darunter oft eine Verschlechterung der Symptome sensibler Kopfhaut oder Probleme, wo es vorher keine gab. Wir verwenden keine Hormone oder allergene Inhaltsstoffe. Daf\u00fcr viel Ehrlichkeit und gereinigte Vitamine, um Ihre Kopfhaut mit den Wirkstoffen zu verw\u00f6hnen, welche Haarwachstum f\u00f6rdern und sich positiv auf Ihr Kopfhaut-Klima auswirken.<\/span><\/li>\r\n \t<li><span class=\"a-list-item\">\ud83d\udc86\ud83c\udffc\u200d\u2642\ufe0f DIE RICHTIGE ANWENDUNG - | 1. H\u00e4ufigkeit: Bei akuten Beschwerden: t\u00e4glich. Zur Pflege: 2-3 mal pro Woche. | 2. Menge: Pro Anwendung ca. 1-3 Pipetten (abh\u00e4ngig von Haarl\u00e4nge und Frisur). | 3. Methode: Geben Sie das Haartonikum per Pipette direkt auf Ihre Kopfhaut auf. Massieren Sie es anschlie\u00dfend ein, um die Durchblutung anzuregen &amp; die Wirkung zu optimieren.<\/span><\/li>\r\n \t<li><span class=\"a-list-item\">\ud83d\udd12 100% ZUFRIEDENHEITS-GARANTIE! Testen Sie unser Haarserum v\u00f6llig risikofrei! Im unwahrscheinlichen Fall, dass Sie mit unserem Produkt nicht zufrieden sein sollten, kontaktieren Sie uns einfach und wir erstatten Ihnen den vollen Kaufpreis wieder - ohne kostspielige Retoure &amp; \u00fcber die regul\u00e4re R\u00fcckgabefrist hinaus! Das ist unsere Art \u201cDanke\u201d zu sagen.<\/span><\/li>\r\n<\/ul>","_et_gb_content_width":"","_monsterinsights_skip_tracking":false,"_monsterinsights_sitenote_active":false,"_monsterinsights_sitenote_note":"","_monsterinsights_sitenote_category":0},"product_brand":[],"product_cat":[31],"product_tag":[34,35,32,36,37,33],"class_list":{"0":"post-54","1":"product","2":"type-product","3":"status-publish","4":"has-post-thumbnail","6":"product_cat-haartonikum","7":"product_tag-bruechiges-haar","8":"product_tag-duennes-haar","9":"product_tag-haarausfall","10":"product_tag-haarserum","11":"product_tag-haartonikum","12":"product_tag-schuppen","14":"first","15":"instock","16":"taxable","17":"shipping-taxable","18":"purchasable","19":"product-type-simple"},"_links":{"self":[{"href":"https:\/\/curacap.ch\/index.php?rest_route=\/wp\/v2\/product\/54","targetHints":{"allow":["GET"]}}],"collection":[{"href":"https:\/\/curacap.ch\/index.php?rest_route=\/wp\/v2\/product"}],"about":[{"href":"https:\/\/curacap.ch\/index.php?rest_route=\/wp\/v2\/types\/product"}],"replies":[{"embeddable":true,"href":"https:\/\/curacap.ch\/index.php?rest_route=%2Fwp%2Fv2%2Fcomments&post=54"}],"wp:featuredmedia":[{"embeddable":true,"href":"https:\/\/curacap.ch\/index.php?rest_route=\/wp\/v2\/media\/55"}],"wp:attachment":[{"href":"https:\/\/curacap.ch\/index.php?rest_route=%2Fwp%2Fv2%2Fmedia&parent=54"}],"wp:term":[{"taxonomy":"product_brand","embeddable":true,"href":"https:\/\/curacap.ch\/index.php?rest_route=%2Fwp%2Fv2%2Fproduct_brand&post=54"},{"taxonomy":"product_cat","embeddable":true,"href":"https:\/\/curacap.ch\/index.php?rest_route=%2Fwp%2Fv2%2Fproduct_cat&post=54"},{"taxonomy":"product_tag","embeddable":true,"href":"https:\/\/curacap.ch\/index.php?rest_route=%2Fwp%2Fv2%2Fproduct_tag&post=54"}],"curies":[{"name":"wp","href":"https:\/\/api.w.org\/{rel}","templated":true}]}}