{"id":45,"date":"2021-03-25T07:41:10","date_gmt":"2021-03-25T07:41:10","guid":{"rendered":"https:\/\/curacap.ch\/?post_type=product&#038;p=45"},"modified":"2024-05-06T15:43:57","modified_gmt":"2024-05-06T15:43:57","slug":"curacap-pure-haartonikum","status":"publish","type":"product","link":"https:\/\/curacap.ch\/?product=curacap-pure-haartonikum","title":{"rendered":"CuraCap Pure \u2013 Haartonikum"},"content":{"rendered":"<ul class=\"a-unordered-list a-vertical a-spacing-mini\">\n<li><span class=\"a-list-item\"><img decoding=\"async\" class=\"emoji\" role=\"img\" src=\"https:\/\/s.w.org\/images\/core\/emoji\/13.0.1\/svg\/1f411.svg\" alt=\"\ud83d\udc11\" \/>\u00a0KEINE NEBENWIRKUNGEN &#8211; Viele Haarwuchsmittel f\u00fcr Frauen bringen statt vollem Haar viele unerw\u00fcnschte Nebenwirkungen mit sich. Darunter oft eine Verschlechterung der Symptome sensibler Kopfhaut oder Probleme, wo es vorher keine gab. Wir verwenden keine Hormone oder allergene Inhaltsstoffe. Daf\u00fcr viel Ehrlichkeit und gereinigte Vitamine, um Ihre Kopfhaut mit den Wirkstoffen zu verw\u00f6hnen, welche Haarwachstum f\u00f6rdern und sich positiv auf Ihr Kopfhaut-Klima auswirken.<\/span><\/li>\n<li><span class=\"a-list-item\"><img decoding=\"async\" class=\"emoji\" role=\"img\" src=\"https:\/\/s.w.org\/images\/core\/emoji\/13.0.1\/svg\/1f481-1f3fb.svg\" alt=\"\ud83d\udc81\ud83c\udffb\" \/>\u200d<img decoding=\"async\" class=\"emoji\" role=\"img\" src=\"https:\/\/s.w.org\/images\/core\/emoji\/13.0.1\/svg\/2640.svg\" alt=\"\u2640\" \/>\u00a0NEUE HAARQUALIT\u00c4T &#8211; Keine leeren Versprechen, daf\u00fcr f\u00fchlbar griffigeres Haar nach k\u00fcrzester Zeit und kompromisslose Transparenz bei Wirkung &amp; Zusammensetzung. Gewinnen Sie im ersten Schritt die Griffigkeit Ihrer Haare wieder zur\u00fcck. Anschlie\u00dfend folgt eine kleine Geduldsprobe auf dem Weg zu vollerem Haar. Von heute auf Morgen k\u00f6nnen wir Ihnen keine neue Haarpracht garantieren. Daf\u00fcr aber die bestm\u00f6gliche Zusammensetzung, um diesem Problem entgegen zu wirken.<\/span><\/li>\n<li><span class=\"a-list-item\"><img decoding=\"async\" class=\"emoji\" role=\"img\" src=\"https:\/\/s.w.org\/images\/core\/emoji\/13.0.1\/svg\/1f930-1f3fb.svg\" alt=\"\ud83e\udd30\ud83c\udffb\" \/><img decoding=\"async\" class=\"emoji\" role=\"img\" src=\"https:\/\/s.w.org\/images\/core\/emoji\/13.0.1\/svg\/1f646-1f3fd.svg\" alt=\"\ud83d\ude46\ud83c\udffd\" \/>\u200d<img decoding=\"async\" class=\"emoji\" role=\"img\" src=\"https:\/\/s.w.org\/images\/core\/emoji\/13.0.1\/svg\/2640.svg\" alt=\"\u2640\" \/>\u00a0BEI HORMONSCHWANKUNGEN &#8211; Besonders bei Haarausfall nach Schwangerschaft und in der Menopause eignet sich unser Haartonikum besser als eine Haarkur um Haarausfall abzubremsen und Haarwachstum zu stimulieren. Wunder gibt es im Bereich Haarwuchsmittel nicht &#8211; das ist mittlerweile jedem klar! Auch wenn immer wieder versucht wird, die Kundin in die Irre zu f\u00fchren. Dennoch gibt es Hoffnung auf Besserung, indem man der Kopfhaut die passenden Haarvitamine gegen Haarausfall bereitstellt.<\/span><\/li>\n<li><span class=\"a-list-item\"><img decoding=\"async\" class=\"emoji\" role=\"img\" src=\"https:\/\/s.w.org\/images\/core\/emoji\/13.0.1\/svg\/1f486-1f3fc-200d-2640-fe0f.svg\" alt=\"\ud83d\udc86\ud83c\udffc\u200d\u2640\ufe0f\" \/>\u00a0DIE RICHTIGE ANWENDUNG &#8211; | 1. H\u00e4ufigkeit: Bei akuten Beschwerden: t\u00e4glich. Zur Pflege: 2-3 mal pro Woche. | 2. Menge: Pro Anwendung ca. 1-3 Pipetten (abh\u00e4ngig von Haarl\u00e4nge und Frisur). | 3. Methode: Geben Sie das Haartonikum per Pipette direkt auf Ihre Kopfhaut auf. Massieren Sie es anschlie\u00dfend ein, um die Durchblutung anzuregen &amp; die Wirkung zu optimieren.<\/span><\/li>\n<li><span class=\"a-list-item\"><img decoding=\"async\" class=\"emoji\" role=\"img\" src=\"https:\/\/s.w.org\/images\/core\/emoji\/13.0.1\/svg\/1f512.svg\" alt=\"\ud83d\udd12\" \/>\u00a0100% ZUFRIEDENHEITS-GARANTIE! Testen Sie unser Haarserum v\u00f6llig risikofrei! Im unwahrscheinlichen Fall, dass Sie mit unserem Produkt nicht zufrieden sein sollten, kontaktieren Sie uns einfach und wir erstatten Ihnen den vollen Kaufpreis wieder &#8211; ohne kostspielige Retoure &amp; \u00fcber die regul\u00e4re R\u00fcckgabefrist hinaus! Das ist unsere Art \u201cDanke\u201d zu sagen!<\/span><\/li>\n<\/ul>\n","protected":false},"excerpt":{"rendered":"<p><strong>Wir r\u00e4umen das Lager! Alte Verpackung, aber Ware 100% in Ordnung!<\/strong><\/p>\n<p>\u2713 f\u00fcr normale bis fettige Kopfhaut<br \/>\n\u2713 keine Nebenwirkungen<br \/>\n\u2713 bei Hormonschwankungen<br \/>\n\u2713 neue Haarqualit\u00e4t<\/p>\n","protected":false},"featured_media":46,"comment_status":"open","ping_status":"closed","template":"","meta":{"_et_pb_use_builder":"off","_et_pb_old_content":"<ul class=\"a-unordered-list a-vertical a-spacing-mini\">\r\n \t<li><span class=\"a-list-item\"><img class=\"emoji\" role=\"img\" src=\"https:\/\/s.w.org\/images\/core\/emoji\/13.0.1\/svg\/1f411.svg\" alt=\"\ud83d\udc11\" \/>\u00a0KEINE NEBENWIRKUNGEN - Viele Haarwuchsmittel f\u00fcr Frauen bringen statt vollem Haar viele unerw\u00fcnschte Nebenwirkungen mit sich. Darunter oft eine Verschlechterung der Symptome sensibler Kopfhaut oder Probleme, wo es vorher keine gab. Wir verwenden keine Hormone oder allergene Inhaltsstoffe. Daf\u00fcr viel Ehrlichkeit und gereinigte Vitamine, um Ihre Kopfhaut mit den Wirkstoffen zu verw\u00f6hnen, welche Haarwachstum f\u00f6rdern und sich positiv auf Ihr Kopfhaut-Klima auswirken.<\/span><\/li>\r\n \t<li><span class=\"a-list-item\"><img class=\"emoji\" role=\"img\" src=\"https:\/\/s.w.org\/images\/core\/emoji\/13.0.1\/svg\/1f481-1f3fb.svg\" alt=\"\ud83d\udc81\ud83c\udffb\" \/>\u200d<img class=\"emoji\" role=\"img\" src=\"https:\/\/s.w.org\/images\/core\/emoji\/13.0.1\/svg\/2640.svg\" alt=\"\u2640\" \/>\u00a0NEUE HAARQUALIT\u00c4T - Keine leeren Versprechen, daf\u00fcr f\u00fchlbar griffigeres Haar nach k\u00fcrzester Zeit und kompromisslose Transparenz bei Wirkung & Zusammensetzung. Gewinnen Sie im ersten Schritt die Griffigkeit Ihrer Haare wieder zur\u00fcck. Anschlie\u00dfend folgt eine kleine Geduldsprobe auf dem Weg zu vollerem Haar. Von heute auf Morgen k\u00f6nnen wir Ihnen keine neue Haarpracht garantieren. Daf\u00fcr aber die bestm\u00f6gliche Zusammensetzung, um diesem Problem entgegen zu wirken.<\/span><\/li>\r\n \t<li><span class=\"a-list-item\"><img class=\"emoji\" role=\"img\" src=\"https:\/\/s.w.org\/images\/core\/emoji\/13.0.1\/svg\/1f930-1f3fb.svg\" alt=\"\ud83e\udd30\ud83c\udffb\" \/><img class=\"emoji\" role=\"img\" src=\"https:\/\/s.w.org\/images\/core\/emoji\/13.0.1\/svg\/1f646-1f3fd.svg\" alt=\"\ud83d\ude46\ud83c\udffd\" \/>\u200d<img class=\"emoji\" role=\"img\" src=\"https:\/\/s.w.org\/images\/core\/emoji\/13.0.1\/svg\/2640.svg\" alt=\"\u2640\" \/>\u00a0BEI HORMONSCHWANKUNGEN - Besonders bei Haarausfall nach Schwangerschaft und in der Menopause eignet sich unser Haartonikum besser als eine Haarkur um Haarausfall abzubremsen und Haarwachstum zu stimulieren. Wunder gibt es im Bereich Haarwuchsmittel nicht - das ist mittlerweile jedem klar! Auch wenn immer wieder versucht wird, die Kundin in die Irre zu f\u00fchren. Dennoch gibt es Hoffnung auf Besserung, indem man der Kopfhaut die passenden Haarvitamine gegen Haarausfall bereitstellt.<\/span><\/li>\r\n \t<li><span class=\"a-list-item\"><img class=\"emoji\" role=\"img\" src=\"https:\/\/s.w.org\/images\/core\/emoji\/13.0.1\/svg\/1f486-1f3fc-200d-2640-fe0f.svg\" alt=\"\ud83d\udc86\ud83c\udffc\u200d\u2640\ufe0f\" \/>\u00a0DIE RICHTIGE ANWENDUNG - | 1. H\u00e4ufigkeit: Bei akuten Beschwerden: t\u00e4glich. Zur Pflege: 2-3 mal pro Woche. | 2. Menge: Pro Anwendung ca. 1-3 Pipetten (abh\u00e4ngig von Haarl\u00e4nge und Frisur). | 3. Methode: Geben Sie das Haartonikum per Pipette direkt auf Ihre Kopfhaut auf. Massieren Sie es anschlie\u00dfend ein, um die Durchblutung anzuregen & die Wirkung zu optimieren.<\/span><\/li>\r\n \t<li><span class=\"a-list-item\"><img class=\"emoji\" role=\"img\" src=\"https:\/\/s.w.org\/images\/core\/emoji\/13.0.1\/svg\/1f512.svg\" alt=\"\ud83d\udd12\" \/>\u00a0100% ZUFRIEDENHEITS-GARANTIE! Testen Sie unser Haarserum v\u00f6llig risikofrei! Im unwahrscheinlichen Fall, dass Sie mit unserem Produkt nicht zufrieden sein sollten, kontaktieren Sie uns einfach und wir erstatten Ihnen den vollen Kaufpreis wieder - ohne kostspielige Retoure & \u00fcber die regul\u00e4re R\u00fcckgabefrist hinaus! Das ist unsere Art \u201cDanke\u201d zu sagen!<\/span><\/li>\r\n<\/ul>","_et_gb_content_width":"","_monsterinsights_skip_tracking":false,"_monsterinsights_sitenote_active":false,"_monsterinsights_sitenote_note":"","_monsterinsights_sitenote_category":0},"product_brand":[],"product_cat":[31],"product_tag":[34,35,32,36,37,33],"class_list":{"0":"post-45","1":"product","2":"type-product","3":"status-publish","4":"has-post-thumbnail","6":"product_cat-haartonikum","7":"product_tag-bruechiges-haar","8":"product_tag-duennes-haar","9":"product_tag-haarausfall","10":"product_tag-haarserum","11":"product_tag-haartonikum","12":"product_tag-schuppen","14":"first","15":"instock","16":"sale","17":"taxable","18":"shipping-taxable","19":"purchasable","20":"product-type-simple"},"_links":{"self":[{"href":"https:\/\/curacap.ch\/index.php?rest_route=\/wp\/v2\/product\/45","targetHints":{"allow":["GET"]}}],"collection":[{"href":"https:\/\/curacap.ch\/index.php?rest_route=\/wp\/v2\/product"}],"about":[{"href":"https:\/\/curacap.ch\/index.php?rest_route=\/wp\/v2\/types\/product"}],"replies":[{"embeddable":true,"href":"https:\/\/curacap.ch\/index.php?rest_route=%2Fwp%2Fv2%2Fcomments&post=45"}],"wp:featuredmedia":[{"embeddable":true,"href":"https:\/\/curacap.ch\/index.php?rest_route=\/wp\/v2\/media\/46"}],"wp:attachment":[{"href":"https:\/\/curacap.ch\/index.php?rest_route=%2Fwp%2Fv2%2Fmedia&parent=45"}],"wp:term":[{"taxonomy":"product_brand","embeddable":true,"href":"https:\/\/curacap.ch\/index.php?rest_route=%2Fwp%2Fv2%2Fproduct_brand&post=45"},{"taxonomy":"product_cat","embeddable":true,"href":"https:\/\/curacap.ch\/index.php?rest_route=%2Fwp%2Fv2%2Fproduct_cat&post=45"},{"taxonomy":"product_tag","embeddable":true,"href":"https:\/\/curacap.ch\/index.php?rest_route=%2Fwp%2Fv2%2Fproduct_tag&post=45"}],"curies":[{"name":"wp","href":"https:\/\/api.w.org\/{rel}","templated":true}]}}